{"id":23,"date":"2012-03-01T12:36:31","date_gmt":"2012-03-01T12:36:31","guid":{"rendered":"http:\/\/www.vanessacarakerr.de\/?page_id=23"},"modified":"2015-10-22T10:42:46","modified_gmt":"2015-10-22T10:42:46","slug":"vanessa-cara-kerr","status":"publish","type":"page","link":"https:\/\/vanessacarakerr.de\/?page_id=23","title":{"rendered":"Vanessa Cara-Kerr"},"content":{"rendered":"<h2 style=\"text-align: left;\">Fotografie &#8211; Lichtmalerei, wie die Griechen es einst nannten.<\/h2>\n<p><strong><span style=\"color: #00ccff;\"><em><em>Update 21.10.2015:<\/em><\/em><em><em> New CURACAO Pictures online (Weitblick, Seelenfarben, Passion)<br \/>\n<\/em><\/em><\/span><\/strong><\/p>\n<blockquote>\n<p style=\"text-align: left;\">Mein gr\u00f6\u00dfter Ansporn zu fotografieren ist der, einen<br \/>\nMoment einzufangen, den man sich hinterher mehr als nur einen Momentlang anschaut.<\/p>\n<p>&nbsp;<\/p>\n<p style=\"text-align: left;\">Ich habe meine Fotografien in \u201e<strong><a title=\"Fotoalben\" href=\"https:\/\/vanessacarakerr.de\/?page_id=15\">Seelenfarben<\/a><\/strong>\u201c, \u201e<strong><a title=\"Fotoalben\" href=\"https:\/\/www.vanessacarakerr.de\/?page_id=15\">Schwarz und Wei\u00df<\/a><\/strong>\u201c, \u201e<strong><a title=\"Fotoalben\" href=\"https:\/\/www.vanessacarakerr.de\/?page_id=15\">Details<\/a><\/strong>\u201c, \u201e<strong><a title=\"Fotoalben\" href=\"https:\/\/www.vanessacarakerr.de\/?page_id=15\">Handgemacht<\/a><\/strong>\u201c, \u201e<a title=\"Fotoalben\" href=\"https:\/\/www.vanessacarakerr.de\/?page_id=15\"><strong>Technik<\/strong><\/a>\u201c, \u201e<strong><a title=\"Fotoalben\" href=\"https:\/\/www.vanessacarakerr.de\/?page_id=15\">Allt\u00e4glich<\/a><\/strong>\u201c, \u201e<strong><a title=\"Menschliches\" href=\"https:\/\/vanessacarakerr.de\/?page_id=15\">Menschliches<\/a><\/strong>\u201c , \u201e<strong><a title=\"Unmenschlich\" href=\"https:\/\/vanessacarakerr.de\/?page_id=15\">Unmenschlich<\/a><\/strong>\u201c, \u201e<a title=\"weitblick\" href=\"https:\/\/vanessacarakerr.de\/?page_id=15\"><strong>Weitblick<\/strong><\/a>\u201c und\u00a0\u201e<strong><a title=\"Passion\" href=\"https:\/\/vanessacarakerr.de\/?page_id=15\">Passion<\/a><\/strong>\u201c kategorisiert, da diese Begriffe mir in den Sinn kamen, als ich die Fotografien zum ersten Mal betrachtet habe.<\/p>\n<p>&nbsp;<\/p>\n<p style=\"text-align: left;\">Und wenn ich mir die Fotografien in dem Album \u201e<strong><a title=\"Fotoalben\" href=\"https:\/\/www.vanessacarakerr.de\/?page_id=15\">Seelenfarben<\/a><\/strong>\u201c anschaue, dann ist es mir m\u00f6glich, genau das Gef\u00fchl zu empfinden, wie zu dem Zeitpunkt der Aufnahme -genau das macht f\u00fcr <strong>mich <\/strong>ein perfektes Foto aus!<\/p>\n<p>&nbsp;<\/p>\n<p style=\"text-align: left;\">In dem Album \u201e<strong><a title=\"Fotoalben\" href=\"https:\/\/www.vanessacarakerr.de\/?page_id=15\">Handgemacht<\/a><\/strong>\u201c, gibt es Fotografien von Architektur, Designerst\u00fccken und Staturen. Als ich die Aufnahme von dem Staatstheater in Darmstadt machte, fragte ich mich, wie kann ein St\u00fcck Beton so sch\u00f6ne Formen haben. Hier haben die Architekten<br \/>\neine so wundervolle Arbeit geleistet.<\/p>\n<p>&nbsp;<\/p>\n<p>Auch das Album\u00a0\u201e<strong><a title=\"Fotoalben\" href=\"https:\/\/www.vanessacarakerr.de\/?page_id=15\">Allt\u00e4glich<\/a><\/strong>\u201c bedeutet mir sehr viel, da ich gerne durch Stra\u00dfen und St\u00e4dte laufe, um lustige, interessante, kreative oder sch\u00f6ne Kleinigkeiten zu entdecken. Diese k\u00f6nnen an jeder Ecke lauern und warten nur darauf abgelichtet zu werden.<\/p>\n<p>&nbsp;<\/p>\n<p style=\"text-align: left;\">Fotografieren ist f\u00fcr mich ein Seelenbalsam und eine faszinierende Art Momente, Orte und Natur aufzunehmen und diese f\u00fcr die<br \/>\nEwigkeit festzuhalten.<\/p>\n<p>&nbsp;<\/p>\n<p style=\"text-align: left;\">Merci,<br \/>\nVanessa Cara-Kerr<\/p>\n<\/blockquote>\n<p style=\"text-align: left;\">\n","protected":false},"excerpt":{"rendered":"<p>Fotografie &#8211; Lichtmalerei, wie die Griechen es einst nannten. Update 21.10.2015: New CURACAO Pictures online (Weitblick, Seelenfarben, Passion) Mein gr\u00f6\u00dfter Ansporn zu fotografieren ist der, einen Moment einzufangen, den man sich hinterher mehr als nur einen Momentlang anschaut. &nbsp; Ich habe meine Fotografien in \u201eSeelenfarben\u201c, \u201eSchwarz und Wei\u00df\u201c, \u201eDetails\u201c, \u201eHandgemacht\u201c, \u201eTechnik\u201c, \u201eAllt\u00e4glich\u201c, \u201eMenschliches\u201c , \u201eUnmenschlich\u201c,<br \/>\n\t<a href=\"https:\/\/vanessacarakerr.de\/?page_id=23\" class=\"go_more\"><span><i><\/i>read more<\/span><\/a><\/p>\n","protected":false},"author":2,"featured_media":1348,"parent":0,"menu_order":1,"comment_status":"closed","ping_status":"closed","template":"home-static.php","meta":{"_exactmetrics_skip_tracking":false,"_exactmetrics_sitenote_active":false,"_exactmetrics_sitenote_note":"","_exactmetrics_sitenote_category":0,"footnotes":""},"class_list":["post-23","page","type-page","status-publish","has-post-thumbnail","hentry"],"_links":{"self":[{"href":"https:\/\/vanessacarakerr.de\/index.php?rest_route=\/wp\/v2\/pages\/23","targetHints":{"allow":["GET"]}}],"collection":[{"href":"https:\/\/vanessacarakerr.de\/index.php?rest_route=\/wp\/v2\/pages"}],"about":[{"href":"https:\/\/vanessacarakerr.de\/index.php?rest_route=\/wp\/v2\/types\/page"}],"author":[{"embeddable":true,"href":"https:\/\/vanessacarakerr.de\/index.php?rest_route=\/wp\/v2\/users\/2"}],"replies":[{"embeddable":true,"href":"https:\/\/vanessacarakerr.de\/index.php?rest_route=%2Fwp%2Fv2%2Fcomments&post=23"}],"version-history":[{"count":189,"href":"https:\/\/vanessacarakerr.de\/index.php?rest_route=\/wp\/v2\/pages\/23\/revisions"}],"predecessor-version":[{"id":1349,"href":"https:\/\/vanessacarakerr.de\/index.php?rest_route=\/wp\/v2\/pages\/23\/revisions\/1349"}],"wp:featuredmedia":[{"embeddable":true,"href":"https:\/\/vanessacarakerr.de\/index.php?rest_route=\/wp\/v2\/media\/1348"}],"wp:attachment":[{"href":"https:\/\/vanessacarakerr.de\/index.php?rest_route=%2Fwp%2Fv2%2Fmedia&parent=23"}],"curies":[{"name":"wp","href":"https:\/\/api.w.org\/{rel}","templated":true}]}}